{"id":4606,"date":"2025-08-05T03:03:49","date_gmt":"2025-08-05T07:03:49","guid":{"rendered":"https:\/\/melaniesanchez.com\/blog\/?page_id=4606"},"modified":"2025-08-05T03:08:03","modified_gmt":"2025-08-05T07:08:03","slug":"carnets-de-lame","status":"publish","type":"page","link":"https:\/\/melaniesanchez.com\/blog\/fr\/carnets-de-lame\/","title":{"rendered":"Carnets de l\u2019\u00c2me"},"content":{"rendered":"\t\t<div data-elementor-type=\"wp-page\" data-elementor-id=\"4606\" class=\"elementor elementor-4606\" data-elementor-post-type=\"page\">\n\t\t\t\t<div class=\"elementor-element elementor-element-2ab2ab7 e-flex e-con-boxed e-con e-parent\" data-id=\"2ab2ab7\" data-element_type=\"container\" data-e-type=\"container\">\n\t\t\t\t\t<div class=\"e-con-inner\">\n\t\t\t\t<div class=\"elementor-element elementor-element-3bee667 elementor-widget elementor-widget-heading\" data-id=\"3bee667\" data-element_type=\"widget\" data-e-type=\"widget\" data-widget_type=\"heading.default\">\n\t\t\t\t<div class=\"elementor-widget-container\">\n\t\t\t\t\t<h2 class=\"elementor-heading-title elementor-size-default\">\ud83c\udf00 \u00ab \u00c0 la rencontre de l\u2019imposteur sur la toile : mon article dans Bold Journey \u00bb<\/h2>\t\t\t\t<\/div>\n\t\t\t\t<\/div>\n\t\t\t\t<div class=\"elementor-element elementor-element-6eb382f elementor-widget elementor-widget-text-editor\" data-id=\"6eb382f\" data-element_type=\"widget\" data-e-type=\"widget\" data-widget_type=\"text-editor.default\">\n\t\t\t\t<div class=\"elementor-widget-container\">\n\t\t\t\t\t\t\t\t\t<h3 data-start=\"80\" data-end=\"171\">Sur le chemin du doute, de la reconqu\u00eate de sa valeur, et de l\u2019honoration de l\u2019\u00e9lan cr\u00e9atif<\/h3><p data-start=\"173\" data-end=\"384\">J\u2019ai r\u00e9cemment \u00e9t\u00e9 invit\u00e9e \u00e0 partager un extrait de mon parcours sur Bold Journey, dans une entrevue qui posait la question :<br data-start=\"298\" data-end=\"301\" \/>\u00ab Avez-vous d\u00e9j\u00e0 v\u00e9cu le syndrome de l\u2019imposteur ? Comment l\u2019avez-vous surmont\u00e9 ? \u00bb<\/p><p data-start=\"386\" data-end=\"645\">Le moment \u00e9tait parfaitement align\u00e9. Cette question a r\u00e9sonn\u00e9 \u00e0 travers de nombreuses \u00e9tapes de ma vie cr\u00e9ative \u2014 que ce soit devant une toile blanche, en tenant l\u2019espace pour d\u2019autres lors d\u2019ateliers, ou en revenant \u00e0 mes racines artistiques apr\u00e8s une pause.<\/p><p data-start=\"647\" data-end=\"865\">Dans cet article, je me livre sur ces voix int\u00e9rieures qui nous font nous replier sur nous-m\u00eames, et sur cette connaissance plus profonde qui nous invite \u00e0 nous \u00e9lever \u2014 doucement, pleinement, et \u00e0 notre propre rythme.<\/p><p data-start=\"867\" data-end=\"948\">\u2727 Lisez l\u2019entrevue compl\u00e8te ici \u2192 <a href=\"https:\/\/boldjourney.com\/meet-melanie-sanchez\/\" target=\"_blank\" rel=\"noopener\">Entrevue Bold Journey avec Melanie Sanchez<\/a><\/p>\t\t\t\t\t\t\t\t<\/div>\n\t\t\t\t<\/div>\n\t\t\t\t<div class=\"elementor-element elementor-element-d905951 elementor-align-center elementor-widget elementor-widget-button\" data-id=\"d905951\" data-element_type=\"widget\" data-e-type=\"widget\" data-widget_type=\"button.default\">\n\t\t\t\t<div class=\"elementor-widget-container\">\n\t\t\t\t\t\t\t\t\t<div class=\"elementor-button-wrapper\">\n\t\t\t\t\t<a class=\"elementor-button elementor-button-link elementor-size-sm\" href=\"https:\/\/boldjourney.com\/meet-melanie-sanchez\/\" target=\"_blank\">\n\t\t\t\t\t\t<span class=\"elementor-button-content-wrapper\">\n\t\t\t\t\t\t\t\t\t<span class=\"elementor-button-text\">Read the full interview on Bold Journey<\/span>\n\t\t\t\t\t<\/span>\n\t\t\t\t\t<\/a>\n\t\t\t\t<\/div>\n\t\t\t\t\t\t\t\t<\/div>\n\t\t\t\t<\/div>\n\t\t\t\t\t<\/div>\n\t\t\t\t<\/div>\n\t\t<div class=\"elementor-element elementor-element-03a1374 e-flex e-con-boxed e-con e-parent\" data-id=\"03a1374\" data-element_type=\"container\" data-e-type=\"container\">\n\t\t\t\t\t<div class=\"e-con-inner\">\n\t\t\t\t<div class=\"elementor-element elementor-element-ff2b098 elementor-widget elementor-widget-spacer\" data-id=\"ff2b098\" data-element_type=\"widget\" data-e-type=\"widget\" data-widget_type=\"spacer.default\">\n\t\t\t\t<div class=\"elementor-widget-container\">\n\t\t\t\t\t\t\t<div class=\"elementor-spacer\">\n\t\t\t<div class=\"elementor-spacer-inner\"><\/div>\n\t\t<\/div>\n\t\t\t\t\t\t<\/div>\n\t\t\t\t<\/div>\n\t\t\t\t\t<\/div>\n\t\t\t\t<\/div>\n\t\t\t\t<section class=\"elementor-section elementor-top-section elementor-element elementor-element-ff7fea0 elementor-section-boxed elementor-section-height-default elementor-section-height-default\" data-id=\"ff7fea0\" data-element_type=\"section\" data-e-type=\"section\">\n\t\t\t\t\t\t<div class=\"elementor-container elementor-column-gap-default\">\n\t\t\t\t\t<div class=\"elementor-column elementor-col-100 elementor-top-column elementor-element elementor-element-e60ef23\" data-id=\"e60ef23\" data-element_type=\"column\" data-e-type=\"column\">\n\t\t\t<div class=\"elementor-widget-wrap elementor-element-populated\">\n\t\t\t\t\t\t<div class=\"elementor-element elementor-element-262dbdf elementor-widget elementor-widget-text-editor\" data-id=\"262dbdf\" data-element_type=\"widget\" data-e-type=\"widget\" data-widget_type=\"text-editor.default\">\n\t\t\t\t<div class=\"elementor-widget-container\">\n\t\t\t\t\t\t\t\t\t<p id=\"tw-target-text\" class=\"tw-data-text tw-text-large tw-ta\" dir=\"ltr\" data-placeholder=\"Translation\" data-ved=\"2ahUKEwilgebIivOOAxUsFlkFHYGPBI4Q3ewLegQICRAV\" aria-label=\"Translated text: Voici des nouvelles et des po\u00e8mes que j'ai \u00e9crits \u00e0 diff\u00e9rentes \u00e9poques.\n\nLectrice assidue, mon plus beau souvenir d'enfance est la lecture d'Anne... la maison aux pignons verts de Lucy Maud Montgomery. J'\u00e9tais \u00e9galement sensible \u00e0 la vision du monde d'Anne, son personnage, et j'\u00e9crivais beaucoup par loisir.\"><span class=\"Y2IQFc\" lang=\"fr\">Voici des histoires courtes et des po\u00e8mes que j&#8217;ai \u00e9crits \u00e0 diff\u00e9rentes \u00e9poques. <\/span><\/p><p class=\"tw-data-text tw-text-large tw-ta\" dir=\"ltr\" data-placeholder=\"Translation\" data-ved=\"2ahUKEwilgebIivOOAxUsFlkFHYGPBI4Q3ewLegQICRAV\" aria-label=\"Translated text: Voici des nouvelles et des po\u00e8mes que j'ai \u00e9crits \u00e0 diff\u00e9rentes \u00e9poques.\n\nLectrice assidue, mon plus beau souvenir d'enfance est la lecture d'Anne... la maison aux pignons verts de Lucy Maud Montgomery. J'\u00e9tais \u00e9galement sensible \u00e0 la vision du monde d'Anne, son personnage, et j'\u00e9crivais beaucoup par loisir.\"><span class=\"Y2IQFc\" lang=\"fr\">Lectrice assidue, mon plus beau souvenir d&#8217;enfance est la lecture d&#8217;Anne&#8230; la maison aux pignons verts de Lucy Maud Montgomery. J&#8217;\u00e9tais \u00e9galement sensible \u00e0 la vision du monde d&#8217;Anne, son personnage, et j&#8217;\u00e9crivais beaucoup par loisir.<\/span><\/p>\t\t\t\t\t\t\t\t<\/div>\n\t\t\t\t<\/div>\n\t\t\t\t\t<\/div>\n\t\t<\/div>\n\t\t\t\t\t<\/div>\n\t\t<\/section>\n\t\t\t\t<section class=\"elementor-section elementor-top-section elementor-element elementor-element-2423dbe elementor-section-boxed elementor-section-height-default elementor-section-height-default\" data-id=\"2423dbe\" data-element_type=\"section\" data-e-type=\"section\">\n\t\t\t\t\t\t<div class=\"elementor-container elementor-column-gap-default\">\n\t\t\t\t\t<div class=\"elementor-column elementor-col-100 elementor-top-column elementor-element elementor-element-ed51311\" data-id=\"ed51311\" data-element_type=\"column\" data-e-type=\"column\">\n\t\t\t<div class=\"elementor-widget-wrap elementor-element-populated\">\n\t\t\t\t\t\t<div class=\"elementor-element elementor-element-f3d2239 elementor-widget-divider--view-line elementor-widget elementor-widget-divider\" data-id=\"f3d2239\" data-element_type=\"widget\" data-e-type=\"widget\" data-widget_type=\"divider.default\">\n\t\t\t\t<div class=\"elementor-widget-container\">\n\t\t\t\t\t\t\t<div class=\"elementor-divider\">\n\t\t\t<span class=\"elementor-divider-separator\">\n\t\t\t\t\t\t<\/span>\n\t\t<\/div>\n\t\t\t\t\t\t<\/div>\n\t\t\t\t<\/div>\n\t\t\t\t\t<\/div>\n\t\t<\/div>\n\t\t\t\t\t<\/div>\n\t\t<\/section>\n\t\t\t\t<section class=\"elementor-section elementor-top-section elementor-element elementor-element-09c76b3 elementor-section-boxed elementor-section-height-default elementor-section-height-default\" data-id=\"09c76b3\" data-element_type=\"section\" data-e-type=\"section\">\n\t\t\t\t\t\t<div class=\"elementor-container elementor-column-gap-default\">\n\t\t\t\t\t<div class=\"elementor-column elementor-col-100 elementor-top-column elementor-element elementor-element-ae1697f\" data-id=\"ae1697f\" data-element_type=\"column\" data-e-type=\"column\">\n\t\t\t<div class=\"elementor-widget-wrap elementor-element-populated\">\n\t\t\t\t\t\t<div class=\"elementor-element elementor-element-80c268b elementor-align-center elementor-widget elementor-widget-button\" data-id=\"80c268b\" data-element_type=\"widget\" data-e-type=\"widget\" data-widget_type=\"button.default\">\n\t\t\t\t<div class=\"elementor-widget-container\">\n\t\t\t\t\t\t\t\t\t<div class=\"elementor-button-wrapper\">\n\t\t\t\t\t<a class=\"elementor-button elementor-button-link elementor-size-sm\" href=\"https:\/\/melaniesanchez.com\/blog\/projects\/short-story-the-journey-within\/\">\n\t\t\t\t\t\t<span class=\"elementor-button-content-wrapper\">\n\t\t\t\t\t\t\t\t\t<span class=\"elementor-button-text\">\"The Journey Within\"<\/span>\n\t\t\t\t\t<\/span>\n\t\t\t\t\t<\/a>\n\t\t\t\t<\/div>\n\t\t\t\t\t\t\t\t<\/div>\n\t\t\t\t<\/div>\n\t\t\t\t\t<\/div>\n\t\t<\/div>\n\t\t\t\t\t<\/div>\n\t\t<\/section>\n\t\t\t\t<section class=\"elementor-section elementor-top-section elementor-element elementor-element-1721b37 elementor-section-boxed elementor-section-height-default elementor-section-height-default\" data-id=\"1721b37\" data-element_type=\"section\" data-e-type=\"section\">\n\t\t\t\t\t\t<div class=\"elementor-container elementor-column-gap-default\">\n\t\t\t\t\t<div class=\"elementor-column elementor-col-100 elementor-top-column elementor-element elementor-element-fe9cf4c\" data-id=\"fe9cf4c\" data-element_type=\"column\" data-e-type=\"column\">\n\t\t\t<div class=\"elementor-widget-wrap elementor-element-populated\">\n\t\t\t\t\t\t<div class=\"elementor-element elementor-element-4689a2b elementor-widget elementor-widget-text-editor\" data-id=\"4689a2b\" data-element_type=\"widget\" data-e-type=\"widget\" data-widget_type=\"text-editor.default\">\n\t\t\t\t<div class=\"elementor-widget-container\">\n\t\t\t\t\t\t\t\t\t<p>A short story about Earth, humanity, spirituality and evolution.<\/p>\t\t\t\t\t\t\t\t<\/div>\n\t\t\t\t<\/div>\n\t\t\t\t\t<\/div>\n\t\t<\/div>\n\t\t\t\t\t<\/div>\n\t\t<\/section>\n\t\t\t\t<section class=\"elementor-section elementor-top-section elementor-element elementor-element-a7721d4 elementor-section-boxed elementor-section-height-default elementor-section-height-default\" data-id=\"a7721d4\" data-element_type=\"section\" data-e-type=\"section\">\n\t\t\t\t\t\t<div class=\"elementor-container elementor-column-gap-default\">\n\t\t\t\t\t<div class=\"elementor-column elementor-col-100 elementor-top-column elementor-element elementor-element-a78e436\" data-id=\"a78e436\" data-element_type=\"column\" data-e-type=\"column\">\n\t\t\t<div class=\"elementor-widget-wrap elementor-element-populated\">\n\t\t\t\t\t\t<div class=\"elementor-element elementor-element-5255ada elementor-widget-divider--view-line elementor-widget elementor-widget-divider\" data-id=\"5255ada\" data-element_type=\"widget\" data-e-type=\"widget\" data-widget_type=\"divider.default\">\n\t\t\t\t<div class=\"elementor-widget-container\">\n\t\t\t\t\t\t\t<div class=\"elementor-divider\">\n\t\t\t<span class=\"elementor-divider-separator\">\n\t\t\t\t\t\t<\/span>\n\t\t<\/div>\n\t\t\t\t\t\t<\/div>\n\t\t\t\t<\/div>\n\t\t\t\t\t<\/div>\n\t\t<\/div>\n\t\t\t\t\t<\/div>\n\t\t<\/section>\n\t\t\t\t<\/div>\n\t\t","protected":false},"excerpt":{"rendered":"<p>? \u00ab \u00c0 la rencontre de l\u2019imposteur sur la toile : mon article dans Bold Journey \u00bb Sur le chemin du doute, de la reconqu\u00eate de sa valeur, et de l\u2019honoration de l\u2019\u00e9lan cr\u00e9atif J\u2019ai r\u00e9cemment \u00e9t\u00e9 invit\u00e9e \u00e0 partager un extrait de mon parcours sur Bold Journey, dans une entrevue qui posait la question <a href=\"https:\/\/melaniesanchez.com\/blog\/fr\/carnets-de-lame\/\" class=\"more-link\">&#8230;<span class=\"screen-reader-text\">  Carnets de l\u2019\u00c2me<\/span><\/a><\/p>\n","protected":false},"author":2,"featured_media":0,"parent":0,"menu_order":0,"comment_status":"closed","ping_status":"closed","template":"","meta":{"_cloudinary_featured_overwrite":false,"footnotes":""},"class_list":["post-4606","page","type-page","status-publish","hentry"],"aioseo_notices":[],"_links":{"self":[{"href":"https:\/\/melaniesanchez.com\/blog\/wp-json\/wp\/v2\/pages\/4606","targetHints":{"allow":["GET"]}}],"collection":[{"href":"https:\/\/melaniesanchez.com\/blog\/wp-json\/wp\/v2\/pages"}],"about":[{"href":"https:\/\/melaniesanchez.com\/blog\/wp-json\/wp\/v2\/types\/page"}],"author":[{"embeddable":true,"href":"https:\/\/melaniesanchez.com\/blog\/wp-json\/wp\/v2\/users\/2"}],"replies":[{"embeddable":true,"href":"https:\/\/melaniesanchez.com\/blog\/wp-json\/wp\/v2\/comments?post=4606"}],"version-history":[{"count":4,"href":"https:\/\/melaniesanchez.com\/blog\/wp-json\/wp\/v2\/pages\/4606\/revisions"}],"predecessor-version":[{"id":4611,"href":"https:\/\/melaniesanchez.com\/blog\/wp-json\/wp\/v2\/pages\/4606\/revisions\/4611"}],"wp:attachment":[{"href":"https:\/\/melaniesanchez.com\/blog\/wp-json\/wp\/v2\/media?parent=4606"}],"curies":[{"name":"wp","href":"https:\/\/api.w.org\/{rel}","templated":true}]}}