{"id":3401,"date":"2024-04-21T22:48:17","date_gmt":"2024-04-22T02:48:17","guid":{"rendered":"https:\/\/dreamagery.com\/blog\/?page_id=3401"},"modified":"2024-04-21T23:32:13","modified_gmt":"2024-04-22T03:32:13","slug":"a-propos","status":"publish","type":"page","link":"https:\/\/melaniesanchez.com\/blog\/fr\/a-propos\/","title":{"rendered":"\u00c0 propos"},"content":{"rendered":"\t\t<div data-elementor-type=\"wp-page\" data-elementor-id=\"3401\" class=\"elementor elementor-3401\" data-elementor-post-type=\"page\">\n\t\t\t\t\t\t<section class=\"elementor-section elementor-top-section elementor-element elementor-element-e5a7286 elementor-section-boxed elementor-section-height-default elementor-section-height-default\" data-id=\"e5a7286\" data-element_type=\"section\" data-e-type=\"section\">\n\t\t\t\t\t\t<div class=\"elementor-container elementor-column-gap-default\">\n\t\t\t\t\t<div class=\"elementor-column elementor-col-100 elementor-top-column elementor-element elementor-element-8d8b887\" data-id=\"8d8b887\" data-element_type=\"column\" data-e-type=\"column\">\n\t\t\t<div class=\"elementor-widget-wrap elementor-element-populated\">\n\t\t\t\t\t\t<div class=\"elementor-element elementor-element-61496f1 elementor-widget elementor-widget-image\" data-id=\"61496f1\" data-element_type=\"widget\" data-e-type=\"widget\" data-widget_type=\"image.default\">\n\t\t\t\t<div class=\"elementor-widget-container\">\n\t\t\t\t\t\t\t\t\t\t\t\t\t\t\t<img width=\"300\" height=\"245\" fetchpriority=\"high\" decoding=\"async\" src=\"data:image\/svg+xml;base64,PHN2ZyB4bWxucz0iaHR0cDovL3d3dy53My5vcmcvMjAwMC9zdmciIHdpZHRoPSIzMDAiIGhlaWdodD0iMjQ1Ij48cmVjdCB3aWR0aD0iMTAwJSIgaGVpZ2h0PSIxMDAlIj48YW5pbWF0ZSBhdHRyaWJ1dGVOYW1lPSJmaWxsIiB2YWx1ZXM9InJnYmEoMTUzLDE1MywxNTMsMC41KTtyZ2JhKDE1MywxNTMsMTUzLDAuMSk7cmdiYSgxNTMsMTUzLDE1MywwLjUpIiBkdXI9IjJzIiByZXBlYXRDb3VudD0iaW5kZWZpbml0ZSIgLz48L3JlY3Q+PC9zdmc+\" class=\"attachment-medium size-medium wp-post-3401 wp-image-2743\" alt=\"Melanie Sanchez art as a child\" data-public-id=\"Oldies\/IMG_4281\/IMG_4281.jpg\" data-format=\"jpg\" data-transformations=\"f_auto,q_auto\" data-version=\"1535656500\" data-seo=\"1\" data-responsive=\"1\" data-size=\"300 245\" data-delivery=\"upload\" onload=\";window.CLDBind?CLDBind(this):null;\" data-cloudinary=\"lazy\" \/>\t\t\t\t\t\t\t\t\t\t\t\t\t\t\t<\/div>\n\t\t\t\t<\/div>\n\t\t\t\t\t<\/div>\n\t\t<\/div>\n\t\t\t\t\t<\/div>\n\t\t<\/section>\n\t\t\t\t<section class=\"elementor-section elementor-top-section elementor-element elementor-element-72cff00 elementor-section-boxed elementor-section-height-default elementor-section-height-default\" data-id=\"72cff00\" data-element_type=\"section\" data-e-type=\"section\">\n\t\t\t\t\t\t<div class=\"elementor-container elementor-column-gap-default\">\n\t\t\t\t\t<div class=\"elementor-column elementor-col-100 elementor-top-column elementor-element elementor-element-6dd64db\" data-id=\"6dd64db\" data-element_type=\"column\" data-e-type=\"column\">\n\t\t\t<div class=\"elementor-widget-wrap elementor-element-populated\">\n\t\t\t\t\t\t<div class=\"elementor-element elementor-element-c336dd1 elementor-widget elementor-widget-text-editor\" data-id=\"c336dd1\" data-element_type=\"widget\" data-e-type=\"widget\" data-widget_type=\"text-editor.default\">\n\t\t\t\t<div class=\"elementor-widget-container\">\n\t\t\t\t\t\t\t\t\t<p>Mes <strong>sujets<\/strong> se concentrent sur la nature combin\u00e9e \u00e0 des images color\u00e9es de r\u00eaves, d&#8217;o\u00f9 le nom du studio Dreamagery.<\/p><p>J&#8217;ai souvent une id\u00e9e ou un \u00e9l\u00e9ment en t\u00eate mais souvent je laisse le sujet se r\u00e9v\u00e9ler sur la toile. Chaque nouvelle toile est un terrain de jeu \u00e0 explorer.<\/p>\t\t\t\t\t\t\t\t<\/div>\n\t\t\t\t<\/div>\n\t\t\t\t\t<\/div>\n\t\t<\/div>\n\t\t\t\t\t<\/div>\n\t\t<\/section>\n\t\t\t\t<section class=\"elementor-section elementor-top-section elementor-element elementor-element-b5baf63 elementor-section-boxed elementor-section-height-default elementor-section-height-default\" data-id=\"b5baf63\" data-element_type=\"section\" data-e-type=\"section\">\n\t\t\t\t\t\t<div class=\"elementor-container elementor-column-gap-default\">\n\t\t\t\t\t<div class=\"elementor-column elementor-col-100 elementor-top-column elementor-element elementor-element-2a71c0a\" data-id=\"2a71c0a\" data-element_type=\"column\" data-e-type=\"column\">\n\t\t\t<div class=\"elementor-widget-wrap elementor-element-populated\">\n\t\t\t\t\t\t<div class=\"elementor-element elementor-element-dbec2ec elementor-widget elementor-widget-text-editor\" data-id=\"dbec2ec\" data-element_type=\"widget\" data-e-type=\"widget\" data-widget_type=\"text-editor.default\">\n\t\t\t\t<div class=\"elementor-widget-container\">\n\t\t\t\t\t\t\t\t\t<p>Mon inspiration vient de la contemplation de la nature, de toutes les formes d&#8217;art ainsi que des \u0153uvres d&#8217;autres artistes comme Alphonse Mucha et du style de l&#8217;Art Nouveau, car j&#8217;aime la fa\u00e7on dont les lignes coulent pour cr\u00e9er des formes et des mouvements organiques. Georgia O&#8217;Keefe et Susan Seldon Boulet pour leur utilisation des couleurs, des formes et des textures pour exprimer leurs sujets, parmi bien d&#8217;autres.<\/p>\t\t\t\t\t\t\t\t<\/div>\n\t\t\t\t<\/div>\n\t\t\t\t\t<\/div>\n\t\t<\/div>\n\t\t\t\t\t<\/div>\n\t\t<\/section>\n\t\t\t\t<section class=\"elementor-section elementor-top-section elementor-element elementor-element-d1dfe4e elementor-section-boxed elementor-section-height-default elementor-section-height-default\" data-id=\"d1dfe4e\" data-element_type=\"section\" data-e-type=\"section\">\n\t\t\t\t\t\t<div class=\"elementor-container elementor-column-gap-default\">\n\t\t\t\t\t<div class=\"elementor-column elementor-col-100 elementor-top-column elementor-element elementor-element-b905316\" data-id=\"b905316\" data-element_type=\"column\" data-e-type=\"column\">\n\t\t\t<div class=\"elementor-widget-wrap elementor-element-populated\">\n\t\t\t\t\t\t<div class=\"elementor-element elementor-element-47bec8a elementor-widget elementor-widget-text-editor\" data-id=\"47bec8a\" data-element_type=\"widget\" data-e-type=\"widget\" data-widget_type=\"text-editor.default\">\n\t\t\t\t<div class=\"elementor-widget-container\">\n\t\t\t\t\t\t\t\t\t<p>Mes sujets sont inspir\u00e9s de mon h\u00e9ritage mixte:\u00a0 Espagnol, Autochtones (Pueblo et Navajo), \u00c9cossais et Fran\u00e7ais, ce qui est une autre raison pour laquelle je suis attir\u00e9 par la beaut\u00e9 de notre Terre M\u00e8re et de ce qui nous relie en tant qu&#8217;\u00eatres humains et notre relation d\u00e9licate avec la nature. Mes peintures sont souvent empreintes de symbolisme.<\/p>\t\t\t\t\t\t\t\t<\/div>\n\t\t\t\t<\/div>\n\t\t\t\t\t<\/div>\n\t\t<\/div>\n\t\t\t\t\t<\/div>\n\t\t<\/section>\n\t\t\t\t<section class=\"elementor-section elementor-top-section elementor-element elementor-element-7bd5569 elementor-section-boxed elementor-section-height-default elementor-section-height-default\" data-id=\"7bd5569\" data-element_type=\"section\" data-e-type=\"section\">\n\t\t\t\t\t\t<div class=\"elementor-container elementor-column-gap-default\">\n\t\t\t\t\t<div class=\"elementor-column elementor-col-100 elementor-top-column elementor-element elementor-element-0f27450\" data-id=\"0f27450\" data-element_type=\"column\" data-e-type=\"column\">\n\t\t\t<div class=\"elementor-widget-wrap elementor-element-populated\">\n\t\t\t\t\t\t<div class=\"elementor-element elementor-element-778f238 elementor-widget elementor-widget-text-editor\" data-id=\"778f238\" data-element_type=\"widget\" data-e-type=\"widget\" data-widget_type=\"text-editor.default\">\n\t\t\t\t<div class=\"elementor-widget-container\">\n\t\t\t\t\t\t\t\t\t<p>Je travaille principalement avec de l&#8217;acrylique. Je le trouve tr\u00e8s polyvalent et permet plus de libert\u00e9 lors de l&#8217;exp\u00e9rimentation de diff\u00e9rents m\u00e9diums, comme l&#8217;ajout de p\u00e2te \u00e0 modeler pour cr\u00e9er de la dimension, en utilisant du gel de texture stuc, des feuilles, de la ficelle ou de la gaze.<\/p><p>Pour obtenir diff\u00e9rentes <strong>textures<\/strong>, mes peintures sont g\u00e9n\u00e9ralement construites en plusieurs couches tout en r\u00e9v\u00e9lant les couleurs ou les textures en dessous.<br \/>La peinture est appliqu\u00e9e en \u00e9paisseur, un peu comme une peinture au couteau \u00e0 huile, ou dilu\u00e9e pour ressembler \u00e0 de l&#8217;aquarelle. Souvent, plusieurs techniques sont combin\u00e9es dans une seule peinture.<\/p><p>En choisissant mes <strong>couleurs<\/strong>, je suis attir\u00e9e par les couleurs vives et vibrantes et les sentiments qu&#8217;elles \u00e9voquent.<\/p><p>\u00a0<\/p>\t\t\t\t\t\t\t\t<\/div>\n\t\t\t\t<\/div>\n\t\t\t\t\t<\/div>\n\t\t<\/div>\n\t\t\t\t\t<\/div>\n\t\t<\/section>\n\t\t\t\t<section class=\"elementor-section elementor-top-section elementor-element elementor-element-3bffa3a elementor-section-boxed elementor-section-height-default elementor-section-height-default\" data-id=\"3bffa3a\" data-element_type=\"section\" data-e-type=\"section\">\n\t\t\t\t\t\t<div class=\"elementor-container elementor-column-gap-default\">\n\t\t\t\t\t<div class=\"elementor-column elementor-col-100 elementor-top-column elementor-element elementor-element-42157df\" data-id=\"42157df\" data-element_type=\"column\" data-e-type=\"column\">\n\t\t\t<div class=\"elementor-widget-wrap elementor-element-populated\">\n\t\t\t\t\t\t<div class=\"elementor-element elementor-element-7e49210 elementor-widget elementor-widget-image\" data-id=\"7e49210\" data-element_type=\"widget\" data-e-type=\"widget\" data-widget_type=\"image.default\">\n\t\t\t\t<div class=\"elementor-widget-container\">\n\t\t\t\t\t\t\t\t\t\t\t\t\t\t\t<img width=\"224\" height=\"300\" decoding=\"async\" src=\"data:image\/svg+xml;base64,PHN2ZyB4bWxucz0iaHR0cDovL3d3dy53My5vcmcvMjAwMC9zdmciIHdpZHRoPSIyMjQiIGhlaWdodD0iMzAwIj48cmVjdCB3aWR0aD0iMTAwJSIgaGVpZ2h0PSIxMDAlIj48YW5pbWF0ZSBhdHRyaWJ1dGVOYW1lPSJmaWxsIiB2YWx1ZXM9InJnYmEoMTUzLDE1MywxNTMsMC41KTtyZ2JhKDE1MywxNTMsMTUzLDAuMSk7cmdiYSgxNTMsMTUzLDE1MywwLjUpIiBkdXI9IjJzIiByZXBlYXRDb3VudD0iaW5kZWZpbml0ZSIgLz48L3JlY3Q+PC9zdmc+\" class=\"attachment-medium size-medium wp-post-3401 wp-image-2742\" alt=\"Artist as a child\" data-public-id=\"Oldies\/Mel-3half-yrsOld\/Mel-3half-yrsOld.jpg\" data-format=\"jpg\" data-transformations=\"f_auto,q_auto\" data-version=\"1535821788\" data-seo=\"1\" data-responsive=\"1\" data-size=\"224 300\" data-delivery=\"upload\" onload=\";window.CLDBind?CLDBind(this):null;\" data-cloudinary=\"lazy\" \/>\t\t\t\t\t\t\t\t\t\t\t\t\t\t\t<\/div>\n\t\t\t\t<\/div>\n\t\t\t\t\t<\/div>\n\t\t<\/div>\n\t\t\t\t\t<\/div>\n\t\t<\/section>\n\t\t\t\t<section class=\"elementor-section elementor-top-section elementor-element elementor-element-f77f2ee elementor-section-boxed elementor-section-height-default elementor-section-height-default\" data-id=\"f77f2ee\" data-element_type=\"section\" data-e-type=\"section\">\n\t\t\t\t\t\t<div class=\"elementor-container elementor-column-gap-default\">\n\t\t\t\t\t<div class=\"elementor-column elementor-col-100 elementor-top-column elementor-element elementor-element-f4f9326\" data-id=\"f4f9326\" data-element_type=\"column\" data-e-type=\"column\">\n\t\t\t<div class=\"elementor-widget-wrap elementor-element-populated\">\n\t\t\t\t\t\t<div class=\"elementor-element elementor-element-f6c41b8 elementor-widget elementor-widget-text-editor\" data-id=\"f6c41b8\" data-element_type=\"widget\" data-e-type=\"widget\" data-widget_type=\"text-editor.default\">\n\t\t\t\t<div class=\"elementor-widget-container\">\n\t\t\t\t\t\t\t\t\t<p>Quand j&#8217;\u00e9tais enfant, mes jouets pr\u00e9f\u00e9r\u00e9s \u00e9taient le crayon et un bloc \u00e0 dessin. J&#8217;ai dessin\u00e9 presque tout ce que je voyais.<\/p><p>Mon premier souvenir de passion pour l\u2019art remonte au moment o\u00f9, \u00e0 l\u2019\u00e2ge de 8 ans, j\u2019ai fait un croquis d&#8217;un portrait de L\u00e9onard de Vinci \u00e0 partir d\u2019un livre d\u2019art que j\u2019avais trouv\u00e9.<br \/>Je m&#8217;amusais aussi \u00e0 peindre les portraits des diff\u00e9rents navires arriv\u00e9s au port de Qu\u00e9bec lors de la course Qu\u00e9bec-St-Malo durant l&#8217;\u00e9t\u00e9 1984.<\/p><p>J&#8217;ai continu\u00e9 \u00e0 \u00e9tudier l&#8217;art, en regardant les \u00e9missions de Bob Ross, suivis des programmes universitaires d&#8217;art et de graphisme. J&#8217;ai explor\u00e9 de nombreux m\u00e9diums visuels et tactiles tels que la peinture, l&#8217;argile, la sculpture, les techniques mixtes, le cin\u00e9ma et la photographie.<\/p><p>J&#8217;ai grandi \u00e0 Montr\u00e9al et j&#8217;ai \u00e9galement v\u00e9cu en Floride, \u00e0 Toronto et \u00e9galement \u00e0 San Francisco pendant plusieurs ann\u00e9es, o\u00f9 la peinture est devenue un aspect important de ma vie. Pour moi, San Francisco est un environnement culturel riche pour \u00e9tudier l&#8217;art.<\/p><p>En 1999 et 2001, j&#8217;ai particip\u00e9 au San Francisco Open Studios, qui m&#8217;a offert l&#8217;opportunit\u00e9 de partager mes oeuvres avec le public. Les circonstances m&#8217;ont amen\u00e9 \u00e0 d\u00e9m\u00e9nager \u00e0 Toronto, o\u00f9, en 2007 et 2008, j&#8217;ai particip\u00e9 au Riverdale Art Walk annuelle, une exposition s\u00e9lectionn\u00e9e par un jury. En 2009, j&#8217;ai eu la d\u00e9termination et la chance de visiter une partie de mes terres ancestrales en \u00c9cosse, ce qui m&#8217;a \u00e9norm\u00e9ment inspir\u00e9e.<\/p><p>Je vis et travaille maintenant \u00e0 Montr\u00e9al et je suis toujours \u00e0 la recherche d&#8217;\u00e9tincelles de cr\u00e9ativit\u00e9 venant de mon environnement ou de mes souvenirs de Californie, d&#8217;\u00c9cosse et d&#8217;autres voyages.<\/p><p>J&#8217;esp\u00e8re que vous appr\u00e9cierez les \u0153uvres pr\u00e9sent\u00e9es ici autant que j&#8217;ai appr\u00e9ci\u00e9 leur cr\u00e9ation.<\/p><p>-M\u00e9lanie S\u00e1nchez-<\/p>\t\t\t\t\t\t\t\t<\/div>\n\t\t\t\t<\/div>\n\t\t\t\t\t<\/div>\n\t\t<\/div>\n\t\t\t\t\t<\/div>\n\t\t<\/section>\n\t\t\t\t<\/div>\n\t\t","protected":false},"excerpt":{"rendered":"<p>Mes sujets se concentrent sur la nature combin\u00e9e \u00e0 des images color\u00e9es de r\u00eaves, d&#8217;o\u00f9 le nom du studio Dreamagery. J&#8217;ai souvent une id\u00e9e ou un \u00e9l\u00e9ment en t\u00eate mais souvent je laisse le sujet se r\u00e9v\u00e9ler sur la toile. Chaque nouvelle toile est un terrain de jeu \u00e0 explorer. Mon inspiration vient de la <a href=\"https:\/\/melaniesanchez.com\/blog\/fr\/a-propos\/\" class=\"more-link\">&#8230;<span class=\"screen-reader-text\">  \u00c0 propos<\/span><\/a><\/p>\n","protected":false},"author":2,"featured_media":0,"parent":0,"menu_order":40,"comment_status":"closed","ping_status":"open","template":"","meta":{"_cloudinary_featured_overwrite":false,"footnotes":""},"class_list":["post-3401","page","type-page","status-publish","hentry"],"aioseo_notices":[],"_links":{"self":[{"href":"https:\/\/melaniesanchez.com\/blog\/wp-json\/wp\/v2\/pages\/3401","targetHints":{"allow":["GET"]}}],"collection":[{"href":"https:\/\/melaniesanchez.com\/blog\/wp-json\/wp\/v2\/pages"}],"about":[{"href":"https:\/\/melaniesanchez.com\/blog\/wp-json\/wp\/v2\/types\/page"}],"author":[{"embeddable":true,"href":"https:\/\/melaniesanchez.com\/blog\/wp-json\/wp\/v2\/users\/2"}],"replies":[{"embeddable":true,"href":"https:\/\/melaniesanchez.com\/blog\/wp-json\/wp\/v2\/comments?post=3401"}],"version-history":[{"count":7,"href":"https:\/\/melaniesanchez.com\/blog\/wp-json\/wp\/v2\/pages\/3401\/revisions"}],"predecessor-version":[{"id":3413,"href":"https:\/\/melaniesanchez.com\/blog\/wp-json\/wp\/v2\/pages\/3401\/revisions\/3413"}],"wp:attachment":[{"href":"https:\/\/melaniesanchez.com\/blog\/wp-json\/wp\/v2\/media?parent=3401"}],"curies":[{"name":"wp","href":"https:\/\/api.w.org\/{rel}","templated":true}]}}