{"id":3374,"date":"2024-04-21T20:35:14","date_gmt":"2024-04-22T00:35:14","guid":{"rendered":"https:\/\/dreamagery.com\/blog\/homepage-francais\/"},"modified":"2025-02-13T21:13:34","modified_gmt":"2025-02-14T02:13:34","slug":"homepage-francais","status":"publish","type":"page","link":"https:\/\/melaniesanchez.com\/blog\/fr\/","title":{"rendered":"Accueil"},"content":{"rendered":"\t\t<div data-elementor-type=\"wp-page\" data-elementor-id=\"3374\" class=\"elementor elementor-3374\" data-elementor-post-type=\"page\">\n\t\t\t\t\t\t<section class=\"elementor-section elementor-top-section elementor-element elementor-element-46c6e41 elementor-section-boxed elementor-section-height-default elementor-section-height-default\" data-id=\"46c6e41\" data-element_type=\"section\" data-e-type=\"section\">\n\t\t\t\t\t\t<div class=\"elementor-container elementor-column-gap-default\">\n\t\t\t\t\t<div class=\"elementor-column elementor-col-50 elementor-top-column elementor-element elementor-element-874c999\" data-id=\"874c999\" data-element_type=\"column\" data-e-type=\"column\">\n\t\t\t<div class=\"elementor-widget-wrap elementor-element-populated\">\n\t\t\t\t\t\t<div class=\"elementor-element elementor-element-aedb5b8 elementor-widget elementor-widget-heading\" data-id=\"aedb5b8\" data-element_type=\"widget\" data-e-type=\"widget\" data-widget_type=\"heading.default\">\n\t\t\t\t<div class=\"elementor-widget-container\">\n\t\t\t\t\t<h2 class=\"elementor-heading-title elementor-size-default\">M\u00e9lanie S\u00e1nchez<\/h2>\t\t\t\t<\/div>\n\t\t\t\t<\/div>\n\t\t\t\t<div class=\"elementor-element elementor-element-d3ce4d1 elementor-widget elementor-widget-heading\" data-id=\"d3ce4d1\" data-element_type=\"widget\" data-e-type=\"widget\" data-widget_type=\"heading.default\">\n\t\t\t\t<div class=\"elementor-widget-container\">\n\t\t\t\t\t<h3 class=\"elementor-heading-title elementor-size-default\">Artiste, muraliste et guide dans l'exploration de la cr\u00e9ativit\u00e9 et de la pleine conscience.<\/h3>\t\t\t\t<\/div>\n\t\t\t\t<\/div>\n\t\t\t\t<div class=\"elementor-element elementor-element-847144e elementor-widget__width-initial elementor-widget elementor-widget-text-editor\" data-id=\"847144e\" data-element_type=\"widget\" data-e-type=\"widget\" data-widget_type=\"text-editor.default\">\n\t\t\t\t<div class=\"elementor-widget-container\">\n\t\t\t\t\t\t\t\t\t<div class=\"col-lg-6\"><div class=\"content\" style=\"text-align: center;\"><p>Mon objectif est d\u2019inspirer la curiosit\u00e9 et la bienveillance envers soi-m\u00eame, envers les autres et envers notre plan\u00e8te. Gr\u00e2ce \u00e0 l\u2019art et \u00e0 la cr\u00e9ativit\u00e9, je souhaite contribuer \u00e0 construire un meilleur monde.<\/p><p>Restez \u00e0 l&#8217;aff\u00fbt des nouvelles et des mises \u00e0 jour via Instagram : <a class=\"btn btn-hero hover-underline-animation\" href=\"https:\/\/www.instagram.com\/melieart\/\">@MELIEART<\/a><\/p><\/div><\/div><div class=\"col-lg-6\"><div class=\"hero-img\">\u00a0<\/div><\/div>\t\t\t\t\t\t\t\t<\/div>\n\t\t\t\t<\/div>\n\t\t\t\t\t<\/div>\n\t\t<\/div>\n\t\t\t\t<div class=\"elementor-column elementor-col-50 elementor-top-column elementor-element elementor-element-b16a99d\" data-id=\"b16a99d\" data-element_type=\"column\" data-e-type=\"column\">\n\t\t\t<div class=\"elementor-widget-wrap elementor-element-populated\">\n\t\t\t\t\t\t<div class=\"elementor-element elementor-element-61762fe elementor-widget elementor-widget-image\" data-id=\"61762fe\" data-element_type=\"widget\" data-e-type=\"widget\" data-widget_type=\"image.default\">\n\t\t\t\t<div class=\"elementor-widget-container\">\n\t\t\t\t\t\t\t\t\t\t\t\t\t\t\t<img width=\"420\" height=\"420\" fetchpriority=\"high\" decoding=\"async\" src=\"data:image\/svg+xml;base64,PHN2ZyB4bWxucz0iaHR0cDovL3d3dy53My5vcmcvMjAwMC9zdmciIHdpZHRoPSI0MjAiIGhlaWdodD0iNDIwIj48cmVjdCB3aWR0aD0iMTAwJSIgaGVpZ2h0PSIxMDAlIj48YW5pbWF0ZSBhdHRyaWJ1dGVOYW1lPSJmaWxsIiB2YWx1ZXM9InJnYmEoMTUzLDE1MywxNTMsMC41KTtyZ2JhKDE1MywxNTMsMTUzLDAuMSk7cmdiYSgxNTMsMTUzLDE1MywwLjUpIiBkdXI9IjJzIiByZXBlYXRDb3VudD0iaW5kZWZpbml0ZSIgLz48L3JlY3Q+PC9zdmc+\" class=\"attachment-large size-large wp-post-3374 wp-image-3178\" alt=\"Mural and Painting\" data-public-id=\"Mural-and-Painting\/Mural-and-Painting.jpg\" data-format=\"jpg\" data-transformations=\"f_auto,q_auto\" data-version=\"1653165793\" data-seo=\"1\" data-responsive=\"1\" data-size=\"420 420\" data-delivery=\"upload\" onload=\";window.CLDBind?CLDBind(this):null;\" data-cloudinary=\"lazy\" \/>\t\t\t\t\t\t\t\t\t\t\t\t\t\t\t<\/div>\n\t\t\t\t<\/div>\n\t\t\t\t\t<\/div>\n\t\t<\/div>\n\t\t\t\t\t<\/div>\n\t\t<\/section>\n\t\t\t\t<section class=\"elementor-section elementor-top-section elementor-element elementor-element-40ce9c8 elementor-section-boxed elementor-section-height-default elementor-section-height-default\" data-id=\"40ce9c8\" data-element_type=\"section\" data-e-type=\"section\">\n\t\t\t\t\t\t<div class=\"elementor-container elementor-column-gap-default\">\n\t\t\t\t\t<div class=\"elementor-column elementor-col-100 elementor-top-column elementor-element elementor-element-a150156\" data-id=\"a150156\" data-element_type=\"column\" data-e-type=\"column\">\n\t\t\t<div class=\"elementor-widget-wrap elementor-element-populated\">\n\t\t\t\t\t\t<div class=\"elementor-element elementor-element-b9cb629 elementor-widget elementor-widget-heading\" data-id=\"b9cb629\" data-element_type=\"widget\" data-e-type=\"widget\" data-widget_type=\"heading.default\">\n\t\t\t\t<div class=\"elementor-widget-container\">\n\t\t\t\t\t<h3 class=\"elementor-heading-title elementor-size-default\"><a href=\"https:\/\/melaniesanchez.com\/blog\/gallery\/\">Voir mes oeuvres sous Galerie<\/a><\/h3>\t\t\t\t<\/div>\n\t\t\t\t<\/div>\n\t\t\t\t\t<\/div>\n\t\t<\/div>\n\t\t\t\t\t<\/div>\n\t\t<\/section>\n\t\t\t\t<section class=\"elementor-section elementor-top-section elementor-element elementor-element-e3e7db0 elementor-section-boxed elementor-section-height-default elementor-section-height-default\" data-id=\"e3e7db0\" data-element_type=\"section\" data-e-type=\"section\">\n\t\t\t\t\t\t<div class=\"elementor-container elementor-column-gap-default\">\n\t\t\t\t\t<div class=\"elementor-column elementor-col-100 elementor-top-column elementor-element elementor-element-81e7cfe\" data-id=\"81e7cfe\" data-element_type=\"column\" data-e-type=\"column\">\n\t\t\t<div class=\"elementor-widget-wrap elementor-element-populated\">\n\t\t\t\t\t\t<div class=\"elementor-element elementor-element-7818cb8 elementor-widget elementor-widget-spacer\" data-id=\"7818cb8\" data-element_type=\"widget\" data-e-type=\"widget\" data-widget_type=\"spacer.default\">\n\t\t\t\t<div class=\"elementor-widget-container\">\n\t\t\t\t\t\t\t<div class=\"elementor-spacer\">\n\t\t\t<div class=\"elementor-spacer-inner\"><\/div>\n\t\t<\/div>\n\t\t\t\t\t\t<\/div>\n\t\t\t\t<\/div>\n\t\t\t\t\t<\/div>\n\t\t<\/div>\n\t\t\t\t\t<\/div>\n\t\t<\/section>\n\t\t\t\t<section class=\"elementor-section elementor-top-section elementor-element elementor-element-1c21b4b elementor-section-boxed elementor-section-height-default elementor-section-height-default\" data-id=\"1c21b4b\" data-element_type=\"section\" data-e-type=\"section\">\n\t\t\t\t\t\t<div class=\"elementor-container elementor-column-gap-default\">\n\t\t\t\t\t<div class=\"elementor-column elementor-col-100 elementor-top-column elementor-element elementor-element-64fef40\" data-id=\"64fef40\" data-element_type=\"column\" data-e-type=\"column\">\n\t\t\t<div class=\"elementor-widget-wrap elementor-element-populated\">\n\t\t\t\t\t\t<div class=\"elementor-element elementor-element-50c03bb elementor-widget-divider--view-line elementor-widget elementor-widget-divider\" data-id=\"50c03bb\" data-element_type=\"widget\" data-e-type=\"widget\" data-widget_type=\"divider.default\">\n\t\t\t\t<div class=\"elementor-widget-container\">\n\t\t\t\t\t\t\t<div class=\"elementor-divider\">\n\t\t\t<span class=\"elementor-divider-separator\">\n\t\t\t\t\t\t<\/span>\n\t\t<\/div>\n\t\t\t\t\t\t<\/div>\n\t\t\t\t<\/div>\n\t\t\t\t\t<\/div>\n\t\t<\/div>\n\t\t\t\t\t<\/div>\n\t\t<\/section>\n\t\t\t\t<section class=\"elementor-section elementor-top-section elementor-element elementor-element-723e8f9 elementor-section-boxed elementor-section-height-default elementor-section-height-default\" data-id=\"723e8f9\" data-element_type=\"section\" data-e-type=\"section\">\n\t\t\t\t\t\t<div class=\"elementor-container elementor-column-gap-default\">\n\t\t\t\t\t<div class=\"elementor-column elementor-col-100 elementor-top-column elementor-element elementor-element-6371068\" data-id=\"6371068\" data-element_type=\"column\" data-e-type=\"column\">\n\t\t\t<div class=\"elementor-widget-wrap elementor-element-populated\">\n\t\t\t\t\t\t<div class=\"elementor-element elementor-element-25868f1 elementor-widget elementor-widget-heading\" data-id=\"25868f1\" data-element_type=\"widget\" data-e-type=\"widget\" data-widget_type=\"heading.default\">\n\t\t\t\t<div class=\"elementor-widget-container\">\n\t\t\t\t\t<h2 class=\"elementor-heading-title elementor-size-default\">Sondage: Ateliers d'art et de pleine conscience<\/h2>\t\t\t\t<\/div>\n\t\t\t\t<\/div>\n\t\t\t\t\t<\/div>\n\t\t<\/div>\n\t\t\t\t\t<\/div>\n\t\t<\/section>\n\t\t\t\t<section class=\"elementor-section elementor-top-section elementor-element elementor-element-bced88a elementor-section-boxed elementor-section-height-default elementor-section-height-default\" data-id=\"bced88a\" data-element_type=\"section\" data-e-type=\"section\">\n\t\t\t\t\t\t<div class=\"elementor-container elementor-column-gap-default\">\n\t\t\t\t\t<div class=\"elementor-column elementor-col-100 elementor-top-column elementor-element elementor-element-85205e3\" data-id=\"85205e3\" data-element_type=\"column\" data-e-type=\"column\">\n\t\t\t<div class=\"elementor-widget-wrap elementor-element-populated\">\n\t\t\t\t\t\t<div class=\"elementor-element elementor-element-851e574 elementor-widget elementor-widget-heading\" data-id=\"851e574\" data-element_type=\"widget\" data-e-type=\"widget\" data-widget_type=\"heading.default\">\n\t\t\t\t<div class=\"elementor-widget-container\">\n\t\t\t\t\t<h3 class=\"elementor-heading-title elementor-size-default\">Votre voix compte : Participez \u00e0 l'\u00e9laboration des ateliers d'art et de pleine conscience !<\/h3>\t\t\t\t<\/div>\n\t\t\t\t<\/div>\n\t\t\t\t\t<\/div>\n\t\t<\/div>\n\t\t\t\t\t<\/div>\n\t\t<\/section>\n\t\t\t\t<section class=\"elementor-section elementor-top-section elementor-element elementor-element-d15fa9e elementor-section-boxed elementor-section-height-default elementor-section-height-default\" data-id=\"d15fa9e\" data-element_type=\"section\" data-e-type=\"section\">\n\t\t\t\t\t\t<div class=\"elementor-container elementor-column-gap-default\">\n\t\t\t\t\t<div class=\"elementor-column elementor-col-50 elementor-top-column elementor-element elementor-element-fbc1f95\" data-id=\"fbc1f95\" data-element_type=\"column\" data-e-type=\"column\">\n\t\t\t<div class=\"elementor-widget-wrap elementor-element-populated\">\n\t\t\t\t\t\t<div class=\"elementor-element elementor-element-ed4c1e3 elementor-widget elementor-widget-image\" data-id=\"ed4c1e3\" data-element_type=\"widget\" data-e-type=\"widget\" data-widget_type=\"image.default\">\n\t\t\t\t<div class=\"elementor-widget-container\">\n\t\t\t\t\t\t\t\t\t\t\t\t\t\t\t\t<a href=\"https:\/\/forms.gle\/8StUpNhb2qt6LsA48\" target=\"_blank\">\n\t\t\t\t\t\t\t<img width=\"1024\" height=\"1024\" decoding=\"async\" src=\"data:image\/svg+xml;base64,PHN2ZyB4bWxucz0iaHR0cDovL3d3dy53My5vcmcvMjAwMC9zdmciIHdpZHRoPSIxMDI0IiBoZWlnaHQ9IjEwMjQiPjxyZWN0IHdpZHRoPSIxMDAlIiBoZWlnaHQ9IjEwMCUiPjxhbmltYXRlIGF0dHJpYnV0ZU5hbWU9ImZpbGwiIHZhbHVlcz0icmdiYSgxNTMsMTUzLDE1MywwLjUpO3JnYmEoMTUzLDE1MywxNTMsMC4xKTtyZ2JhKDE1MywxNTMsMTUzLDAuNSkiIGR1cj0iMnMiIHJlcGVhdENvdW50PSJpbmRlZmluaXRlIiAvPjwvcmVjdD48L3N2Zz4=\" class=\"attachment-large size-large wp-post-3374 wp-image-3963\" alt=\"\" data-public-id=\"Survey-image\/Survey-image.jpg\" data-format=\"jpg\" data-transformations=\"f_auto,q_auto\" data-version=\"1743130951\" data-seo=\"1\" data-responsive=\"1\" data-size=\"1024 1024\" data-delivery=\"upload\" onload=\";window.CLDBind?CLDBind(this):null;\" data-cloudinary=\"lazy\" \/>\t\t\t\t\t\t\t\t<\/a>\n\t\t\t\t\t\t\t\t\t\t\t\t\t\t\t<\/div>\n\t\t\t\t<\/div>\n\t\t\t\t\t<\/div>\n\t\t<\/div>\n\t\t\t\t<div class=\"elementor-column elementor-col-50 elementor-top-column elementor-element elementor-element-98caf13\" data-id=\"98caf13\" data-element_type=\"column\" data-e-type=\"column\">\n\t\t\t<div class=\"elementor-widget-wrap elementor-element-populated\">\n\t\t\t\t\t\t<div class=\"elementor-element elementor-element-4fe8248 elementor-widget elementor-widget-text-editor\" data-id=\"4fe8248\" data-element_type=\"widget\" data-e-type=\"widget\" data-widget_type=\"text-editor.default\">\n\t\t\t\t<div class=\"elementor-widget-container\">\n\t\t\t\t\t\t\t\t\t<p><em>Je con\u00e7ois des ateliers pour inspirer la cr\u00e9ativit\u00e9, favoriser la connexion et la croissance int\u00e9rieure.<\/em><\/p><p><em>Partagez vos id\u00e9es via le lien : <a href=\"https:\/\/forms.gle\/8StUpNhb2qt6LsA48\" target=\"_blank\" rel=\"noopener\">https:\/\/forms.gle\/8StUpNhb2qt6LsA48<\/a><\/em><em>\u00a0(sondage en anglais)<\/em><\/p><p><em>Votre contribution est inestimable !<\/em><\/p><p><em>Merci de partager vos id\u00e9es et de faire partie de ce voyage !<\/em><\/p><p><span style=\"text-decoration: underline;\"><em>Veuillez noter que vos r\u00e9ponses et vos informations resteront anonymes.<\/em><\/span><\/p>\t\t\t\t\t\t\t\t<\/div>\n\t\t\t\t<\/div>\n\t\t\t\t\t<\/div>\n\t\t<\/div>\n\t\t\t\t\t<\/div>\n\t\t<\/section>\n\t\t\t\t<\/div>\n\t\t","protected":false},"excerpt":{"rendered":"<p>M\u00e9lanie S\u00e1nchez Artiste, muraliste et guide dans l&#8217;exploration de la cr\u00e9ativit\u00e9 et de la pleine conscience. Mon objectif est d\u2019inspirer la curiosit\u00e9 et la bienveillance envers soi-m\u00eame, envers les autres et envers notre plan\u00e8te. Gr\u00e2ce \u00e0 l\u2019art et \u00e0 la cr\u00e9ativit\u00e9, je souhaite contribuer \u00e0 construire un meilleur monde. Restez \u00e0 l&#8217;aff\u00fbt des nouvelles et <a href=\"https:\/\/melaniesanchez.com\/blog\/fr\/\" class=\"more-link\">&#8230;<span class=\"screen-reader-text\">  Accueil<\/span><\/a><\/p>\n","protected":false},"author":2,"featured_media":0,"parent":0,"menu_order":0,"comment_status":"closed","ping_status":"closed","template":"","meta":{"_cloudinary_featured_overwrite":false,"footnotes":""},"class_list":["post-3374","page","type-page","status-publish","hentry"],"aioseo_notices":[],"_links":{"self":[{"href":"https:\/\/melaniesanchez.com\/blog\/wp-json\/wp\/v2\/pages\/3374","targetHints":{"allow":["GET"]}}],"collection":[{"href":"https:\/\/melaniesanchez.com\/blog\/wp-json\/wp\/v2\/pages"}],"about":[{"href":"https:\/\/melaniesanchez.com\/blog\/wp-json\/wp\/v2\/types\/page"}],"author":[{"embeddable":true,"href":"https:\/\/melaniesanchez.com\/blog\/wp-json\/wp\/v2\/users\/2"}],"replies":[{"embeddable":true,"href":"https:\/\/melaniesanchez.com\/blog\/wp-json\/wp\/v2\/comments?post=3374"}],"version-history":[{"count":39,"href":"https:\/\/melaniesanchez.com\/blog\/wp-json\/wp\/v2\/pages\/3374\/revisions"}],"predecessor-version":[{"id":4082,"href":"https:\/\/melaniesanchez.com\/blog\/wp-json\/wp\/v2\/pages\/3374\/revisions\/4082"}],"wp:attachment":[{"href":"https:\/\/melaniesanchez.com\/blog\/wp-json\/wp\/v2\/media?parent=3374"}],"curies":[{"name":"wp","href":"https:\/\/api.w.org\/{rel}","templated":true}]}}